{"id":79,"date":"2026-04-02T15:32:51","date_gmt":"2026-04-02T15:32:51","guid":{"rendered":"https:\/\/thailandentry.com\/?page_id=79"},"modified":"2026-04-04T02:46:39","modified_gmt":"2026-04-04T00:46:39","slug":"faq","status":"publish","type":"page","link":"https:\/\/thailandentry.com\/fr\/faq\/","title":{"rendered":"FAQ"},"content":{"rendered":"<h1 class=\"wp-block-heading\">Foire aux questions (FAQ)<\/h1>\n\n\n\n<h3 class=\"wp-block-heading\">Quel est le TDAC pour entrer en Tha\u00eflande ?<\/h3>\n\n\n\n<p><\/p>\n\n\n\n<h3 class=\"wp-block-heading\">Le TDAC est-il obligatoire pour entrer en Tha\u00eflande ?<\/h3>\n\n\n\n<p><\/p>\n\n\n\n<h3 class=\"wp-block-heading\">Qui sommes-nous et quel est notre service ?<\/h3>\n\n\n\n<p>\u200b<strong>T<\/strong><strong>ThailandEntry.com<\/strong>&nbsp;est un fournisseur de services priv\u00e9 et ind\u00e9pendant. Nous ne sommes affili\u00e9s \u00e0 aucun gouvernement tha\u00eflandais ni \u00e0 aucune autorit\u00e9 d'immigration.<\/p>\n\n\n\n<p>Notre r\u00f4le est d'agir en tant qu'interm\u00e9diaire professionnel. Les frais que vous payez correspondent \u00e0 un service d'assistance premium, incluant la v\u00e9rification humaine de vos informations, le support client et la gestion compl\u00e8te de votre dossier.<\/p>\n\n\n\n<p>\ud83d\udc49&nbsp;<strong>Remarque :<\/strong>&nbsp;Vous pouvez r\u00e9aliser cette d\u00e9marche gratuitement vous-m\u00eame sur le site officiel du gouvernement.<em>Note : Vous pouvez effectuer vos d\u00e9marches gratuitement et de mani\u00e8re autonome sur le site officiel des autorit\u00e9s.<\/em><\/p>\n\n\n\n<h3 class=\"wp-block-heading\">Pourquoi choisir notre assistance premium pour votre TDAC en Tha\u00eflande ?<\/h3>\n\n\n\n<p>En choisissant notre service, vous b\u00e9n\u00e9ficiez d'une interface simple, d'une v\u00e9rification humaine syst\u00e9matique et d'un support fiable.<\/p>\n\n\n\n<p>Notre \u00e9quipe veille \u00e0 ce que votre candidature soit exacte et soumise aussi rapidement que possible une fois la p\u00e9riode de soumission officielle de 72 heures ouverte.<\/p>\n\n\n\n<h3 class=\"wp-block-heading\">Quelle est la diff\u00e9rence entre les options Standard et Urgence ?<\/h3>\n\n\n\n<ul class=\"wp-block-list\">\n<li>\u00a0<strong>Assistance d'urgence :<\/strong><\/li>\n\n\n\n<li>Traitement prioritaire. Votre demande est soumise dans les 4 heures (sous r\u00e9serve que vous soyez dans le d\u00e9lai l\u00e9gal de 72 heures avant votre arriv\u00e9e).<\/li>\n\n\n\n<li>\u00a0<strong>Assistance standard :<\/strong><\/li>\n\n\n\n<li>Votre candidature est trait\u00e9e selon la priorit\u00e9 de d\u00e9part. La soumission est garantie dans un d\u00e9lai maximum de 14 heures apr\u00e8s l'ouverture de la fen\u00eatre officielle.<\/li>\n\n\n\n<li>\u00a0<strong>Remarque :<\/strong>\u00a0Le traitement est souvent plus rapide que le d\u00e9lai indiqu\u00e9, selon la demande.<\/li>\n<\/ul>\n\n\n\n<h3 class=\"wp-block-heading\">Pourquoi ma candidature n'a-t-elle pas encore \u00e9t\u00e9 trait\u00e9e ?<\/h3>\n\n\n\n<p>Ceci est d\u00fb \u00e0 une exigence technique : les candidatures ne peuvent \u00eatre soumises au syst\u00e8me officiel que dans les 72 heures pr\u00e9c\u00e9dant votre arriv\u00e9e.<\/p>\n\n\n\n<p>Votre demande est en file d'attente s\u00e9curis\u00e9e dans notre syst\u00e8me de priorit\u00e9 et sera automatiquement soumise d\u00e8s que la fen\u00eatre l\u00e9gale s'ouvrira.<\/p>\n\n\n\n<p>Il n'est pas n\u00e9cessaire de nous contacter avant cette heure.<\/p>\n\n\n\n<h3 class=\"wp-block-heading\">Quand recevrai-je mon TDAC (document officiel requis pour entrer en Tha\u00eflande) ?<\/h3>\n\n\n\n<p>Une fois votre candidature soumise, vous recevrez votre document officiel par e-mail de la part de :<\/p>\n\n\n\n<p>\ud83d\udc49&nbsp;<strong><a>noreply@tdacservices.immigration.go.th<\/a><\/strong><\/p>\n\n\n\n<p>N'oubliez pas de v\u00e9rifier votre dossier de spam.<\/p>\n\n\n\n<h3 class=\"wp-block-heading\">Mes donn\u00e9es sont-elles s\u00e9curis\u00e9es ?<\/h3>\n\n\n\n<p>Vos donn\u00e9es sont utilis\u00e9es uniquement pour le traitement de votre demande et sont supprim\u00e9es apr\u00e8s la d\u00e9livrance de votre TDAC.<\/p>\n\n\n\n<p>Nous appliquons des mesures de s\u00e9curit\u00e9 strictes pour garantir la confidentialit\u00e9 de vos informations.<\/p>\n\n\n\n<h3 class=\"wp-block-heading\">Puis-je modifier ma candidature apr\u00e8s l'avoir soumise ?<\/h3>\n\n\n\n<p>Veuillez noter que vous \u00eates seul responsable de l'exactitude des informations fournies.<\/p>\n\n\n\n<p>En cas d'erreurs, nous ne pouvons \u00eatre tenus responsables d'un quelconque rejet par les autorit\u00e9s. Toute modification apr\u00e8s soumission pourra entra\u00eener des frais de traitement suppl\u00e9mentaires.<\/p>\n\n\n\n<h3 class=\"wp-block-heading\">Puis-je obtenir un remboursement ?<\/h3>\n\n\n\n<p>En validant votre commande, vous demandez l'ex\u00e9cution imm\u00e9diate de notre prestation.<\/p>\n\n\n\n<p>Une fois le traitement commenc\u00e9, aucun remboursement ne peut \u00eatre effectu\u00e9.<\/p>","protected":false},"excerpt":{"rendered":"<p>Frequently Asked Questions (FAQ) What is the TDAC for entering Thailand? Is the TDAC mandatory to enter Thailand? Who are [&hellip;]<\/p>\n","protected":false},"author":1,"featured_media":0,"parent":0,"menu_order":0,"comment_status":"closed","ping_status":"closed","template":"","meta":{"site-sidebar-layout":"default","site-content-layout":"","ast-site-content-layout":"default","site-content-style":"default","site-sidebar-style":"default","ast-global-header-display":"","ast-banner-title-visibility":"","ast-main-header-display":"","ast-hfb-above-header-display":"","ast-hfb-below-header-display":"","ast-hfb-mobile-header-display":"","site-post-title":"","ast-breadcrumbs-content":"","ast-featured-img":"","footer-sml-layout":"","ast-disable-related-posts":"","theme-transparent-header-meta":"","adv-header-id-meta":"","stick-header-meta":"","header-above-stick-meta":"","header-main-stick-meta":"","header-below-stick-meta":"","astra-migrate-meta-layouts":"default","ast-page-background-enabled":"default","ast-page-background-meta":{"desktop":{"background-color":"var(--ast-global-color-5)","background-image":"","background-repeat":"repeat","background-position":"center center","background-size":"auto","background-attachment":"scroll","background-type":"","background-media":"","overlay-type":"","overlay-color":"","overlay-opacity":"","overlay-gradient":""},"tablet":{"background-color":"","background-image":"","background-repeat":"repeat","background-position":"center center","background-size":"auto","background-attachment":"scroll","background-type":"","background-media":"","overlay-type":"","overlay-color":"","overlay-opacity":"","overlay-gradient":""},"mobile":{"background-color":"","background-image":"","background-repeat":"repeat","background-position":"center center","background-size":"auto","background-attachment":"scroll","background-type":"","background-media":"","overlay-type":"","overlay-color":"","overlay-opacity":"","overlay-gradient":""}},"ast-content-background-meta":{"desktop":{"background-color":"var(--ast-global-color-4)","background-image":"","background-repeat":"repeat","background-position":"center center","background-size":"auto","background-attachment":"scroll","background-type":"","background-media":"","overlay-type":"","overlay-color":"","overlay-opacity":"","overlay-gradient":""},"tablet":{"background-color":"var(--ast-global-color-4)","background-image":"","background-repeat":"repeat","background-position":"center center","background-size":"auto","background-attachment":"scroll","background-type":"","background-media":"","overlay-type":"","overlay-color":"","overlay-opacity":"","overlay-gradient":""},"mobile":{"background-color":"var(--ast-global-color-4)","background-image":"","background-repeat":"repeat","background-position":"center center","background-size":"auto","background-attachment":"scroll","background-type":"","background-media":"","overlay-type":"","overlay-color":"","overlay-opacity":"","overlay-gradient":""}},"footnotes":""},"class_list":["post-79","page","type-page","status-publish","hentry"],"_links":{"self":[{"href":"https:\/\/thailandentry.com\/fr\/wp-json\/wp\/v2\/pages\/79","targetHints":{"allow":["GET"]}}],"collection":[{"href":"https:\/\/thailandentry.com\/fr\/wp-json\/wp\/v2\/pages"}],"about":[{"href":"https:\/\/thailandentry.com\/fr\/wp-json\/wp\/v2\/types\/page"}],"author":[{"embeddable":true,"href":"https:\/\/thailandentry.com\/fr\/wp-json\/wp\/v2\/users\/1"}],"replies":[{"embeddable":true,"href":"https:\/\/thailandentry.com\/fr\/wp-json\/wp\/v2\/comments?post=79"}],"version-history":[{"count":4,"href":"https:\/\/thailandentry.com\/fr\/wp-json\/wp\/v2\/pages\/79\/revisions"}],"predecessor-version":[{"id":116,"href":"https:\/\/thailandentry.com\/fr\/wp-json\/wp\/v2\/pages\/79\/revisions\/116"}],"wp:attachment":[{"href":"https:\/\/thailandentry.com\/fr\/wp-json\/wp\/v2\/media?parent=79"}],"curies":[{"name":"wp","href":"https:\/\/api.w.org\/{rel}","templated":true}]}}